{"id":136,"date":"2024-08-27T06:27:23","date_gmt":"2024-08-27T06:27:23","guid":{"rendered":"https:\/\/schwimmschule-neumann.de\/?page_id=136"},"modified":"2025-09-14T20:42:42","modified_gmt":"2025-09-14T20:42:42","slug":"ueber-mich","status":"publish","type":"page","link":"https:\/\/schwimmschule-neumann.de\/?page_id=136","title":{"rendered":"\u00dcber Mich"},"content":{"rendered":"\n<div class=\"wp-block-group alignfull has-accent-background-color has-background has-global-padding is-layout-constrained wp-container-core-group-is-layout-669513ed wp-block-group-is-layout-constrained\" style=\"margin-top:0;margin-bottom:0;padding-top:var(--wp--preset--spacing--50);padding-right:var(--wp--preset--spacing--50);padding-bottom:var(--wp--preset--spacing--50);padding-left:var(--wp--preset--spacing--50)\">\n<div class=\"wp-block-columns alignwide is-layout-flex wp-container-core-columns-is-layout-1da03c2a wp-block-columns-is-layout-flex\">\n<div class=\"wp-block-column is-vertically-aligned-stretch is-layout-flow wp-block-column-is-layout-flow\" style=\"flex-basis:50%\">\n<div class=\"wp-block-group is-vertical is-content-justification-stretch is-layout-flex wp-container-core-group-is-layout-444d5ee8 wp-block-group-is-layout-flex\" style=\"min-height:100%\">\n<p class=\"has-heading-font-family has-x-large-font-size\" style=\"line-height:1.2\">Ich bin David Neumann, Wasserenthusiast, Schwimmlehrer und Rettungsschwimmer <\/p>\n\n\n\n<p>Ich bin seit Kindesbeinen im Wasser unterwegs und sorge nach meiner Zeit in der Schwimmabteilungs des TVE Netphens seit \u00fcber 10 Jahre als Rettungsschwimmer (Rettungsschwimmer Goldabzeichen) f\u00fcr mehr Sicherheit in den Schwimmb\u00e4dern des Siegerlandes. W\u00e4hrend meines Lehramtsstudiums an der Universit\u00e4t Siegen bin ich vor ca. vier Jahren \u00fcber ein Stellenangebot als Schwimmlehrer gestolpert und habe direkt mein Hobby mit dem zuk\u00fcnftigen Beruf verkn\u00fcpft und bin seitdem dabei geblieben \ud83d\ude42 Ich leite nach wie vor erfolgreich und mit Begeisterung f\u00fcr verschiedene Schwimmschulen Gruppenkurse f\u00fcr Kinder im Marien-Aktiv Zentrum. Ich habe mich zus\u00e4tzlich noch am 1. September 2024 selbstst\u00e4ndig gemacht um Einzel- oder Zweierunterricht f\u00fcr Kinder und Erwachsene anbieten zu k\u00f6nnen. Dieses Format erm\u00f6glicht es mir gerade auf die Sch\u00fclerinnen und Sch\u00fcler einzugehen, die besondere Betreuung brauchen oder in Gruppen nicht gut klarkommen. <\/p>\n\n\n\n<p>Ich freue mich darauf, euch bei eurem Weg durch das Wasser zu begleiten &#8211; ob jung oder alt. Solltet ihr weitere Fragen haben schreibt mir doch bitte eine WhatsApp, ein Kontaktformular oder ruft einfach an \ud83d\ude42<\/p>\n\n\n\n<p>Im also able to teach you in english if required \ud83d\ude42<\/p>\n\n\n\n<p>Liebe Gr\u00fc\u00dfe, <\/p>\n\n\n\n<p>David<\/p>\n\n\n\n<p><\/p>\n\n\n\n<p><\/p>\n\n\n\n<figure class=\"wp-block-image\"><img loading=\"lazy\" decoding=\"async\" width=\"1600\" height=\"1200\" src=\"https:\/\/schwimmschule-neumann.de\/wp-content\/uploads\/2024\/09\/WhatsApp-Image-2024-08-06-at-22.25.57.jpeg\" alt=\"\" class=\"wp-image-189\" srcset=\"https:\/\/schwimmschule-neumann.de\/wp-content\/uploads\/2024\/09\/WhatsApp-Image-2024-08-06-at-22.25.57.jpeg 1600w, https:\/\/schwimmschule-neumann.de\/wp-content\/uploads\/2024\/09\/WhatsApp-Image-2024-08-06-at-22.25.57-300x225.jpeg 300w, https:\/\/schwimmschule-neumann.de\/wp-content\/uploads\/2024\/09\/WhatsApp-Image-2024-08-06-at-22.25.57-1024x768.jpeg 1024w, https:\/\/schwimmschule-neumann.de\/wp-content\/uploads\/2024\/09\/WhatsApp-Image-2024-08-06-at-22.25.57-768x576.jpeg 768w, https:\/\/schwimmschule-neumann.de\/wp-content\/uploads\/2024\/09\/WhatsApp-Image-2024-08-06-at-22.25.57-1536x1152.jpeg 1536w\" sizes=\"auto, (max-width: 1600px) 100vw, 1600px\" \/><\/figure>\n\n\n\n<figure class=\"wp-block-image size-large\"><img loading=\"lazy\" decoding=\"async\" width=\"1024\" height=\"1024\" src=\"https:\/\/schwimmschule-neumann.de\/wp-content\/uploads\/2024\/09\/WhatsApp-Image-2024-08-18-at-00.21.26-1024x1024.jpeg\" alt=\"\" class=\"wp-image-191\" srcset=\"https:\/\/schwimmschule-neumann.de\/wp-content\/uploads\/2024\/09\/WhatsApp-Image-2024-08-18-at-00.21.26-1024x1024.jpeg 1024w, https:\/\/schwimmschule-neumann.de\/wp-content\/uploads\/2024\/09\/WhatsApp-Image-2024-08-18-at-00.21.26-300x300.jpeg 300w, https:\/\/schwimmschule-neumann.de\/wp-content\/uploads\/2024\/09\/WhatsApp-Image-2024-08-18-at-00.21.26-150x150.jpeg 150w, https:\/\/schwimmschule-neumann.de\/wp-content\/uploads\/2024\/09\/WhatsApp-Image-2024-08-18-at-00.21.26-768x768.jpeg 768w, https:\/\/schwimmschule-neumann.de\/wp-content\/uploads\/2024\/09\/WhatsApp-Image-2024-08-18-at-00.21.26.jpeg 1080w\" sizes=\"auto, (max-width: 1024px) 100vw, 1024px\" \/><\/figure>\n\n\n\n<div class=\"wp-block-group has-global-padding is-content-justification-left is-layout-constrained wp-container-core-group-is-layout-9fe8ed88 wp-block-group-is-layout-constrained\">\n<p class=\"wp-container-content-0733e5d0\"><\/p>\n\n\n\n<div class=\"wp-block-buttons is-layout-flex wp-block-buttons-is-layout-flex\"><\/div>\n<\/div>\n<\/div>\n<\/div>\n\n\n\n<div class=\"wp-block-column is-layout-flow wp-block-column-is-layout-flow\" style=\"flex-basis:50%\">\n<figure class=\"wp-block-image size-large\"><img loading=\"lazy\" decoding=\"async\" width=\"1024\" height=\"768\" src=\"https:\/\/schwimmschule-neumann.de\/wp-content\/uploads\/2025\/09\/WhatsApp-Image-2025-09-14-at-22.17.28-1-1024x768.jpeg\" alt=\"\" class=\"wp-image-578\" srcset=\"https:\/\/schwimmschule-neumann.de\/wp-content\/uploads\/2025\/09\/WhatsApp-Image-2025-09-14-at-22.17.28-1-1024x768.jpeg 1024w, https:\/\/schwimmschule-neumann.de\/wp-content\/uploads\/2025\/09\/WhatsApp-Image-2025-09-14-at-22.17.28-1-300x225.jpeg 300w, https:\/\/schwimmschule-neumann.de\/wp-content\/uploads\/2025\/09\/WhatsApp-Image-2025-09-14-at-22.17.28-1-768x576.jpeg 768w, https:\/\/schwimmschule-neumann.de\/wp-content\/uploads\/2025\/09\/WhatsApp-Image-2025-09-14-at-22.17.28-1-1536x1152.jpeg 1536w, https:\/\/schwimmschule-neumann.de\/wp-content\/uploads\/2025\/09\/WhatsApp-Image-2025-09-14-at-22.17.28-1.jpeg 1600w\" sizes=\"auto, (max-width: 1024px) 100vw, 1024px\" \/><\/figure>\n\n\n\n<figure class=\"wp-block-image size-large\"><img loading=\"lazy\" decoding=\"async\" width=\"768\" height=\"1024\" src=\"https:\/\/schwimmschule-neumann.de\/wp-content\/uploads\/2024\/09\/Ich-768x1024.jpg\" alt=\"\" class=\"wp-image-187\" srcset=\"https:\/\/schwimmschule-neumann.de\/wp-content\/uploads\/2024\/09\/Ich-768x1024.jpg 768w, https:\/\/schwimmschule-neumann.de\/wp-content\/uploads\/2024\/09\/Ich-225x300.jpg 225w, https:\/\/schwimmschule-neumann.de\/wp-content\/uploads\/2024\/09\/Ich-1152x1536.jpg 1152w, https:\/\/schwimmschule-neumann.de\/wp-content\/uploads\/2024\/09\/Ich.jpg 1200w\" sizes=\"auto, (max-width: 768px) 100vw, 768px\" \/><\/figure>\n\n\n\n\n\n<figure class=\"wp-block-image size-large\"><img loading=\"lazy\" decoding=\"async\" width=\"768\" height=\"1024\" src=\"https:\/\/schwimmschule-neumann.de\/wp-content\/uploads\/2025\/09\/WhatsApp-Image-2025-09-14-at-22.41.04-768x1024.jpeg\" alt=\"\" class=\"wp-image-580\" srcset=\"https:\/\/schwimmschule-neumann.de\/wp-content\/uploads\/2025\/09\/WhatsApp-Image-2025-09-14-at-22.41.04-768x1024.jpeg 768w, https:\/\/schwimmschule-neumann.de\/wp-content\/uploads\/2025\/09\/WhatsApp-Image-2025-09-14-at-22.41.04-225x300.jpeg 225w, https:\/\/schwimmschule-neumann.de\/wp-content\/uploads\/2025\/09\/WhatsApp-Image-2025-09-14-at-22.41.04-1152x1536.jpeg 1152w, https:\/\/schwimmschule-neumann.de\/wp-content\/uploads\/2025\/09\/WhatsApp-Image-2025-09-14-at-22.41.04-1536x2048.jpeg 1536w, https:\/\/schwimmschule-neumann.de\/wp-content\/uploads\/2025\/09\/WhatsApp-Image-2025-09-14-at-22.41.04-scaled.jpeg 1920w\" sizes=\"auto, (max-width: 768px) 100vw, 768px\" \/><\/figure>\n<\/div>\n<\/div>\n<\/div>\n\n\n\n<div class=\"wp-block-group alignfull has-base-background-color has-background has-global-padding is-layout-constrained wp-container-core-group-is-layout-d89aad35 wp-block-group-is-layout-constrained\" style=\"margin-top:0;margin-bottom:0;padding-top:var(--wp--preset--spacing--50);padding-right:var(--wp--preset--spacing--50);padding-bottom:var(--wp--preset--spacing--50);padding-left:var(--wp--preset--spacing--50)\">\n<div class=\"wp-block-columns alignwide is-layout-flex wp-container-core-columns-is-layout-549b0c86 wp-block-columns-is-layout-flex\"><\/div>\n<\/div>\n","protected":false},"excerpt":{"rendered":"<p>Ich bin David Neumann, Wasserenthusiast, Schwimmlehrer und Rettungsschwimmer Ich bin seit Kindesbeinen im Wasser unterwegs und sorge nach meiner Zeit in der Schwimmabteilungs des TVE Netphens seit \u00fcber 10 Jahre als Rettungsschwimmer (Rettungsschwimmer Goldabzeichen) f\u00fcr mehr Sicherheit in den Schwimmb\u00e4dern des Siegerlandes. W\u00e4hrend meines Lehramtsstudiums an der Universit\u00e4t Siegen bin ich vor ca. vier Jahren [&hellip;]<\/p>\n","protected":false},"author":1,"featured_media":0,"parent":0,"menu_order":0,"comment_status":"closed","ping_status":"closed","template":"","meta":{"footnotes":""},"class_list":["post-136","page","type-page","status-publish","hentry"],"_links":{"self":[{"href":"https:\/\/schwimmschule-neumann.de\/index.php?rest_route=\/wp\/v2\/pages\/136","targetHints":{"allow":["GET"]}}],"collection":[{"href":"https:\/\/schwimmschule-neumann.de\/index.php?rest_route=\/wp\/v2\/pages"}],"about":[{"href":"https:\/\/schwimmschule-neumann.de\/index.php?rest_route=\/wp\/v2\/types\/page"}],"author":[{"embeddable":true,"href":"https:\/\/schwimmschule-neumann.de\/index.php?rest_route=\/wp\/v2\/users\/1"}],"replies":[{"embeddable":true,"href":"https:\/\/schwimmschule-neumann.de\/index.php?rest_route=%2Fwp%2Fv2%2Fcomments&post=136"}],"version-history":[{"count":15,"href":"https:\/\/schwimmschule-neumann.de\/index.php?rest_route=\/wp\/v2\/pages\/136\/revisions"}],"predecessor-version":[{"id":582,"href":"https:\/\/schwimmschule-neumann.de\/index.php?rest_route=\/wp\/v2\/pages\/136\/revisions\/582"}],"wp:attachment":[{"href":"https:\/\/schwimmschule-neumann.de\/index.php?rest_route=%2Fwp%2Fv2%2Fmedia&parent=136"}],"curies":[{"name":"wp","href":"https:\/\/api.w.org\/{rel}","templated":true}]}}