{"id":137,"date":"2024-08-27T06:26:12","date_gmt":"2024-08-27T06:26:12","guid":{"rendered":"https:\/\/schwimmschule-neumann.de\/?page_id=137"},"modified":"2026-05-05T19:57:30","modified_gmt":"2026-05-05T17:57:30","slug":"faq","status":"publish","type":"page","link":"https:\/\/schwimmschule-neumann.de\/?page_id=137","title":{"rendered":""},"content":{"rendered":"\n<div class=\"wp-block-group alignfull has-base-color has-contrast-background-color has-text-color has-background has-link-color wp-elements-3a94b24e8196d73aae1ac639515c6841 has-global-padding is-layout-constrained wp-container-core-group-is-layout-d89aad35 wp-block-group-is-layout-constrained\" style=\"margin-top:0;margin-bottom:0;padding-top:var(--wp--preset--spacing--50);padding-right:var(--wp--preset--spacing--50);padding-bottom:var(--wp--preset--spacing--50);padding-left:var(--wp--preset--spacing--50)\">\n<h2 class=\"wp-block-heading alignwide has-base-color has-text-color has-link-color wp-elements-c9b5699bdecff18878afa112249018b5\" style=\"font-size:clamp(4.509rem, 4.509rem + ((1vw - 0.2rem) * 1), 10rem);letter-spacing:-0.02em\">FAQs<\/h2>\n\n\n\n<div class=\"wp-block-group alignwide is-layout-flow wp-block-group-is-layout-flow\">\n<hr class=\"wp-block-separator has-text-color has-base-color has-alpha-channel-opacity has-base-background-color has-background is-style-wide\" style=\"margin-top:var(--wp--preset--spacing--30);margin-bottom:var(--wp--preset--spacing--30)\"\/>\n\n\n\n<h3 class=\"wp-block-heading alignwide has-base-2-color has-text-color has-link-color wp-elements-bc7c819c710dc94431786dd1eb46417c\">Wie gro\u00df sind die Gruppen?<\/h3>\n\n\n\n<p class=\"has-contrast-1-color has-text-color has-link-color wp-elements-b1591071183e89d232fe375b7fe4a540\">Aktuell ist nur Einzelunterricht m\u00f6glich. Vielleicht wird es in Zukunft wieder Angebote in gr\u00f6\u00dferen Gruppen geben.<\/p>\n\n\n\n<hr class=\"wp-block-separator has-text-color has-base-color has-alpha-channel-opacity has-base-background-color has-background is-style-wide\" style=\"margin-top:var(--wp--preset--spacing--30);margin-bottom:var(--wp--preset--spacing--30)\"\/>\n\n\n\n<h3 class=\"wp-block-heading alignwide has-base-2-color has-text-color has-link-color wp-elements-49b215403136174fe8d76a8d3d44d5f8\">Kann auch mit Handicap am Schwimmunterricht teilgenommen werden ?<\/h3>\n\n\n\n<p class=\"has-contrast-1-color has-text-color has-link-color wp-elements-cdd482b7a2d44e3bb0e1d35e11f5ba70\">Grunds\u00e4tzlich ist jeder willkommen und ich habe in diesem Gebiet bereits positive Erfahrungen gemacht. Ich bin allerdings nicht offiziell daf\u00fcr ausgebildet oder habe daf\u00fcr Lehrg\u00e4nge absolviert.<\/p>\n\n\n\n<hr class=\"wp-block-separator has-text-color has-base-color has-alpha-channel-opacity has-base-background-color has-background is-style-wide\" style=\"margin-top:var(--wp--preset--spacing--30);margin-bottom:var(--wp--preset--spacing--30)\"\/>\n\n\n\n<h3 class=\"wp-block-heading alignwide has-base-2-color has-text-color has-link-color wp-elements-1bd84d53eabfdfa67d2ec37dc965fe78\">Was muss ich zum Schwimmkurs mitbringen?<\/h3>\n\n\n\n<p class=\"has-contrast-1-color has-text-color has-link-color wp-elements-3813e4ccd7a10867b1485366910f7751\">Mitzubringen ist nur ordentliche Badebekleidung \ud83d\ude42 Eine Schwimmnudel und andere Hilfsmittel stehen vor Ort zur Verf\u00fcgung.<\/p>\n\n\n\n<hr class=\"wp-block-separator has-text-color has-base-color has-alpha-channel-opacity has-base-background-color has-background is-style-wide\" style=\"margin-top:var(--wp--preset--spacing--30);margin-bottom:var(--wp--preset--spacing--30)\"\/>\n\n\n\n<h3 class=\"wp-block-heading alignwide has-base-2-color has-text-color has-link-color wp-elements-62a2e0e82e5e73a81b478978480040de\">Wie wird die Kursgeb\u00fchr bezahlt?<\/h3>\n\n\n\n<p class=\"has-contrast-1-color has-text-color has-link-color wp-elements-bb78d9ba27ab31ac8876191d8e1ef6d9\">Entweder in Bar oder per \u00dcberweisung.<\/p>\n<\/div>\n\n\n\n<div class=\"wp-block-group alignwide is-layout-flow wp-block-group-is-layout-flow\">\n<hr class=\"wp-block-separator has-text-color has-base-color has-alpha-channel-opacity has-base-background-color has-background is-style-wide\" style=\"margin-top:var(--wp--preset--spacing--30);margin-bottom:var(--wp--preset--spacing--30)\"\/>\n\n\n\n<h3 class=\"wp-block-heading alignwide has-base-2-color has-text-color has-link-color wp-elements-cf776a4490ce36c9ba13f39a5d89807b\">D\u00fcrfen die Eltern bei der Wassergew\u00f6hnung oder dem Schwimmkurs dabei sein?<\/h3>\n\n\n\n<p class=\"has-contrast-1-color has-text-color has-link-color wp-elements-458c0fd3a75017752b6570beddb5f72e\"><br>Die Eltern k\u00f6nnen gerne zuschauen, mit ins Wasser kommen und sich vielleicht auch selber ein paar Tipps abholen \ud83d\ude42<\/p>\n\n\n\n<hr class=\"wp-block-separator has-text-color has-base-color has-alpha-channel-opacity has-base-background-color has-background is-style-wide\" style=\"margin-top:var(--wp--preset--spacing--30);margin-bottom:var(--wp--preset--spacing--30)\"\/>\n\n\n\n<h3 class=\"wp-block-heading alignwide has-base-2-color has-text-color has-link-color wp-elements-9b47f900c23bc366afe9afbf7527486d\">Wie werden die Termine vereinbart und wie viele Einheiten werden angeboten?<\/h3>\n\n\n\n<p><\/p>\n\n\n\n<p>Die Termine werden vorher per Telefonat,Whatsapp oder Email vereinbart. Sagt im Krankheitsfall allerdings  bitte so fr\u00fch wie m\u00f6glich ab um mir meine Planung zu erleichtern \ud83d\ude42<\/p>\n\n\n\n<p>Die ausgemachten Termine sind, soweit es die \u00d6ffnungszeiten zulassen, w\u00f6chentlich fortlaufend und k\u00f6nnen so lange wie gew\u00fcnscht in Anspruch genommen werden. Ein MInimum oder Maximum an genommenen Stunden gibt es bei mir nicht.<\/p>\n\n\n\n<p><\/p>\n<\/div>\n\n\n\n<div class=\"wp-block-columns is-layout-flex wp-container-core-columns-is-layout-28f84493 wp-block-columns-is-layout-flex\">\n<div class=\"wp-block-column is-layout-flow wp-block-column-is-layout-flow\">\n<h2 class=\"wp-block-heading\"><\/h2>\n<\/div>\n<\/div>\n\n\n\n<div class=\"wp-block-columns is-layout-flex wp-container-core-columns-is-layout-28f84493 wp-block-columns-is-layout-flex\">\n<div class=\"wp-block-column is-layout-flow wp-block-column-is-layout-flow\">\n<hr class=\"wp-block-separator has-alpha-channel-opacity\"\/>\n<\/div>\n<\/div>\n\n\n\n<hr class=\"wp-block-separator has-alpha-channel-opacity is-style-wide\"\/>\n<\/div>\n","protected":false},"excerpt":{"rendered":"<p>FAQs Wie gro\u00df sind die Gruppen? Aktuell ist nur Einzelunterricht m\u00f6glich. Vielleicht wird es in Zukunft wieder Angebote in gr\u00f6\u00dferen Gruppen geben. Kann auch mit Handicap am Schwimmunterricht teilgenommen werden ? Grunds\u00e4tzlich ist jeder willkommen und ich habe in diesem Gebiet bereits positive Erfahrungen gemacht. Ich bin allerdings nicht offiziell daf\u00fcr ausgebildet oder habe daf\u00fcr [&hellip;]<\/p>\n","protected":false},"author":1,"featured_media":0,"parent":0,"menu_order":0,"comment_status":"closed","ping_status":"closed","template":"","meta":{"footnotes":""},"class_list":["post-137","page","type-page","status-publish","hentry"],"_links":{"self":[{"href":"https:\/\/schwimmschule-neumann.de\/index.php?rest_route=\/wp\/v2\/pages\/137","targetHints":{"allow":["GET"]}}],"collection":[{"href":"https:\/\/schwimmschule-neumann.de\/index.php?rest_route=\/wp\/v2\/pages"}],"about":[{"href":"https:\/\/schwimmschule-neumann.de\/index.php?rest_route=\/wp\/v2\/types\/page"}],"author":[{"embeddable":true,"href":"https:\/\/schwimmschule-neumann.de\/index.php?rest_route=\/wp\/v2\/users\/1"}],"replies":[{"embeddable":true,"href":"https:\/\/schwimmschule-neumann.de\/index.php?rest_route=%2Fwp%2Fv2%2Fcomments&post=137"}],"version-history":[{"count":9,"href":"https:\/\/schwimmschule-neumann.de\/index.php?rest_route=\/wp\/v2\/pages\/137\/revisions"}],"predecessor-version":[{"id":931,"href":"https:\/\/schwimmschule-neumann.de\/index.php?rest_route=\/wp\/v2\/pages\/137\/revisions\/931"}],"wp:attachment":[{"href":"https:\/\/schwimmschule-neumann.de\/index.php?rest_route=%2Fwp%2Fv2%2Fmedia&parent=137"}],"curies":[{"name":"wp","href":"https:\/\/api.w.org\/{rel}","templated":true}]}}