{"id":138,"date":"2024-08-27T06:28:31","date_gmt":"2024-08-27T06:28:31","guid":{"rendered":"https:\/\/schwimmschule-neumann.de\/?page_id=138"},"modified":"2025-09-14T20:42:42","modified_gmt":"2025-09-14T20:42:42","slug":"das-schwimmbad","status":"publish","type":"page","link":"https:\/\/schwimmschule-neumann.de\/?page_id=138","title":{"rendered":"Das Schwimmbad"},"content":{"rendered":"\n<h2 class=\"wp-block-heading\">Der Schwimmunterricht findet in den Hallen und Freib\u00e4dern der Stadt Siegen statt und ist vertraglich mit der Stadt geregelt.<\/h2>\n\n\n\n<p><\/p>\n\n\n\n<p>Aktuell finden die Kurse normalerweise  am Montag, Dienstag und Donnerstag in Weidenau und an den anderen Tagen im Hallenbad L\u00f6hrtor statt.<\/p>\n\n\n\n<h2 class=\"wp-block-heading\">\u00d6ffnungszeiten der B\u00e4der in Weidenau und L\u00f6hrtor<\/h2>\n\n\n\n<p><\/p>\n\n\n\n<p>L\u00f6hrtor:<\/p>\n\n\n\n<p><\/p>\n\n\n\n<p><strong>Montag<\/strong><br>geschlossen (nur Schulen und Vereine)<\/p>\n\n\n\n<p><strong>Dienstag<\/strong><br>06.00 bis 16.00 Uhr (Wassergymnastik 09.00 bis 09.30 Uhr)<br>17.30 bis 19.00 Uhr (Damenbad)<\/p>\n\n\n\n<p><strong>Mittwoch<\/strong><br>06.00 bis 10.00 Uhr<br>14.00 bis 16.30 Uhr<br>19.00 bis 21.30 Uhr<\/p>\n\n\n\n<p><strong>Donnerstag<\/strong><br>06.00 bis 10.00 Uhr<br>14.00 bis 20.30 Uhr*<br>*Zwischen 18.00 und 20.00 Uhr: eingeschr\u00e4nkter Badebetrieb m\u00f6glich &#8211; es stehen lediglich drei Schwimmbahnen zur Verf\u00fcgung.<\/p>\n\n\n\n<p><strong>Freitag<\/strong><br>14.00 bis 21.00 Uhr<\/p>\n\n\n\n<p><strong>Samstag<\/strong><br>08.00 bis 17.00 Uhr<\/p>\n\n\n\n<p><strong>Sonntag<\/strong><br>08.00 bis 17.00 Uhr<\/p>\n\n\n\n<p><\/p>\n\n\n\n<p><\/p>\n\n\n\n<p><\/p>\n\n\n\n<p>Weidenau:<\/p>\n\n\n\n<p><strong>Montag<\/strong><br>06.00 bis 08.00 Uhr<br>14.00 bis 17.00 Uhr<\/p>\n\n\n\n<p><strong>Dienstag<\/strong><br>06.00 bis 08.00 Uhr<br>13.00 bis 17.00 Uhr<br>16.00 bis 16.30 Uhr (Wassergymnastik &#8211; Flachwasser)<\/p>\n\n\n\n<p><strong>Mittwoch<\/strong><br>geschlossen<\/p>\n\n\n\n<p><strong>Donnerstag<\/strong><br>06.00 bis 10.00 Uhr (Sportbecken: 08.00 bis 10.00 Uhr)<br>14.00 bis 20.00 Uhr<\/p>\n\n\n\n<p><strong>Freitag<\/strong><br>06.00 bis 10.00 Uhr (Sportbecken, teilweise nur drei Bahnen: 08.00 bis 10.00 Uhr)<br>14.00 bis 20.00 Uhr<br>18.00 bis 18.45 Uhr (Aquafitness &#8211; Tiefwasser)<\/p>\n\n\n\n<p><strong>Samstag<\/strong><br>08.00 bis 14.00 Uhr<\/p>\n\n\n\n<p><strong>Sonntag<\/strong><br>08.00 bis 14.00 Uhr<\/p>\n\n\n\n<p><\/p>\n\n\n\n<p><\/p>\n\n\n\n<p><\/p>\n\n\n\n<p><\/p>\n\n\n\n<p><\/p>\n\n\n\n<p><\/p>\n","protected":false},"excerpt":{"rendered":"<p>Der Schwimmunterricht findet in den Hallen und Freib\u00e4dern der Stadt Siegen statt und ist vertraglich mit der Stadt geregelt. Aktuell finden die Kurse normalerweise am Montag, Dienstag und Donnerstag in Weidenau und an den anderen Tagen im Hallenbad L\u00f6hrtor statt. \u00d6ffnungszeiten der B\u00e4der in Weidenau und L\u00f6hrtor L\u00f6hrtor: Montaggeschlossen (nur Schulen und Vereine) Dienstag06.00 bis [&hellip;]<\/p>\n","protected":false},"author":1,"featured_media":331,"parent":0,"menu_order":0,"comment_status":"closed","ping_status":"closed","template":"","meta":{"footnotes":""},"class_list":["post-138","page","type-page","status-publish","has-post-thumbnail","hentry"],"_links":{"self":[{"href":"https:\/\/schwimmschule-neumann.de\/index.php?rest_route=\/wp\/v2\/pages\/138","targetHints":{"allow":["GET"]}}],"collection":[{"href":"https:\/\/schwimmschule-neumann.de\/index.php?rest_route=\/wp\/v2\/pages"}],"about":[{"href":"https:\/\/schwimmschule-neumann.de\/index.php?rest_route=\/wp\/v2\/types\/page"}],"author":[{"embeddable":true,"href":"https:\/\/schwimmschule-neumann.de\/index.php?rest_route=\/wp\/v2\/users\/1"}],"replies":[{"embeddable":true,"href":"https:\/\/schwimmschule-neumann.de\/index.php?rest_route=%2Fwp%2Fv2%2Fcomments&post=138"}],"version-history":[{"count":5,"href":"https:\/\/schwimmschule-neumann.de\/index.php?rest_route=\/wp\/v2\/pages\/138\/revisions"}],"predecessor-version":[{"id":581,"href":"https:\/\/schwimmschule-neumann.de\/index.php?rest_route=\/wp\/v2\/pages\/138\/revisions\/581"}],"wp:featuredmedia":[{"embeddable":true,"href":"https:\/\/schwimmschule-neumann.de\/index.php?rest_route=\/wp\/v2\/media\/331"}],"wp:attachment":[{"href":"https:\/\/schwimmschule-neumann.de\/index.php?rest_route=%2Fwp%2Fv2%2Fmedia&parent=138"}],"curies":[{"name":"wp","href":"https:\/\/api.w.org\/{rel}","templated":true}]}}