{"id":146,"date":"2024-08-27T06:34:33","date_gmt":"2024-08-27T06:34:33","guid":{"rendered":"https:\/\/schwimmschule-neumann.de\/?page_id=146"},"modified":"2026-05-05T19:53:59","modified_gmt":"2026-05-05T17:53:59","slug":"schwimmkurse","status":"publish","type":"page","link":"https:\/\/schwimmschule-neumann.de\/?page_id=146","title":{"rendered":"Schwimmkurse"},"content":{"rendered":"\n<div class=\"wp-block-group alignfull has-base-2-background-color has-background has-global-padding is-layout-constrained wp-container-core-group-is-layout-669513ed wp-block-group-is-layout-constrained\" style=\"margin-top:0;margin-bottom:0;padding-top:var(--wp--preset--spacing--50);padding-right:var(--wp--preset--spacing--50);padding-bottom:var(--wp--preset--spacing--50);padding-left:var(--wp--preset--spacing--50)\">\n<div class=\"wp-block-group is-vertical is-content-justification-center is-layout-flex wp-container-core-group-is-layout-52b864f0 wp-block-group-is-layout-flex\">\n<h2 class=\"wp-block-heading has-text-align-center is-style-asterisk\">Schwimmkurse f\u00fcr Kinder &amp;<br>Erwachsene in Siegen<\/h2>\n\n\n\n<div style=\"height:0px\" aria-hidden=\"true\" class=\"wp-block-spacer wp-container-content-4f2ccadb\"><\/div>\n<\/div>\n\n\n\n<div style=\"margin-top:0;margin-bottom:0;height:var(--wp--preset--spacing--40)\" aria-hidden=\"true\" class=\"wp-block-spacer\"><\/div>\n\n\n\n<div class=\"wp-block-columns alignwide is-layout-flex wp-container-core-columns-is-layout-d0bbbce0 wp-block-columns-is-layout-flex\">\n<div class=\"wp-block-column is-layout-flow wp-container-core-column-is-layout-e3d1c41b wp-block-column-is-layout-flow\">\n<h3 class=\"wp-block-heading has-text-align-left is-style-asterisk has-body-font-family has-medium-font-size\" style=\"font-style:normal;font-weight:600\">Wassergew\u00f6hnung<\/h3>\n\n\n\n<p class=\"has-text-align-left\">Vorbereitung auf das Seepferdchen <\/p>\n\n\n\n<ul class=\"wp-block-list\">\n<li>eine positive Einstellung zum Wasser erhalten<\/li>\n\n\n\n<li>Eigenschaften des Wassers entdecken<\/li>\n\n\n\n<li>Wasser im Gesicht akzeptieren<\/li>\n\n\n\n<li>tauchen, ohne sich zu verschlucken<\/li>\n\n\n\n<li>Teilnahme ab dem 4. Lebensjahr<\/li>\n<\/ul>\n<\/div>\n\n\n\n<div class=\"wp-block-column is-layout-flow wp-container-core-column-is-layout-e3d1c41b wp-block-column-is-layout-flow\">\n<h3 class=\"wp-block-heading has-text-align-left is-style-asterisk has-body-font-family has-medium-font-size\" style=\"font-style:normal;font-weight:600\">Das Seepferdchen<\/h3>\n\n\n\n<p class=\"has-text-align-left\">Nach der Wassergew\u00f6hnung kommen wir nun zum ersten offiziellen Abzeichen: dem Seepferdchen \ud83d\ude42<\/p>\n\n\n\n<p>Hier geht es vor allem um das sichere Erlernen des Brustschwimmens und eine Vertiefung der Wassergew\u00f6hnung im gro\u00dfen Schwimmbecken.  <\/p>\n<\/div>\n\n\n\n<div class=\"wp-block-column is-layout-flow wp-container-core-column-is-layout-e3d1c41b wp-block-column-is-layout-flow\">\n<h3 class=\"wp-block-heading has-text-align-left is-style-asterisk has-body-font-family has-medium-font-size\" style=\"font-style:normal;font-weight:600\">Weiterf\u00fchrende Abzeichen <\/h3>\n\n\n\n<p class=\"has-text-align-left\">Gerne begleite ich nach dem erfolgreichen Bestehen des Seepferdchens die Reise zum Bronze-, Silber- und Goldabzeichen. <\/p>\n\n\n\n<p>Hier geht um das Verfeinern der bereits vorhandenen Technik, dem Erlernen von R\u00fccken-, Kraulschwimmen und  weiterer pr\u00fcfungsrelevanter \u00dcbungen.<\/p>\n<\/div>\n<\/div>\n<\/div>\n\n\n\n<p><strong>Vorteile des Einzelunterrichts:<\/strong><\/p>\n\n\n\n<p>Effektiverer Unterricht und schnellere Lernerfolge bei 100% Wasserzeit innerhalb des Unterrichts<\/p>\n\n\n\n<p>Mehr Sicherheitsgef\u00fchl f\u00fcr den Schwimsch\u00fcler oder die Schwimmsch\u00fclerin durch direkte Betreuung im Wasser<\/p>\n\n\n\n<p>Mehr Zeit um auf Fehler und \u00c4ngste einzugehen, da diese in gr\u00f6\u00dferen Gruppen leicht untergehen bzw. zu Gunsten der Gruppen nicht alle individuell gel\u00f6st werden k\u00f6nnen<\/p>\n\n\n\n<p>Es besteht die M\u00f6glichkeit auch auf individuelle W\u00fcnsche einzugehen wie z.B Vorbereitung auf den Rettungsschwimmer, abwechslungsreiches Schwimmtraining oder auch sowas wie Meerjungfrauenschwimmen \ud83d\ude00<\/p>\n\n\n\n<p>Die Stunden k\u00f6nnen gemeinsam mit Mama, Papa, Partnerin oder einer anderen beliebigen Vetrauensperson besucht werden \ud83d\ude42<\/p>\n\n\n\n<p><\/p>\n\n\n\n<div class=\"wp-block-group alignfull has-base-2-background-color has-background has-global-padding is-layout-constrained wp-container-core-group-is-layout-669513ed wp-block-group-is-layout-constrained\" style=\"margin-top:0;margin-bottom:0;padding-top:var(--wp--preset--spacing--50);padding-right:var(--wp--preset--spacing--50);padding-bottom:var(--wp--preset--spacing--50);padding-left:var(--wp--preset--spacing--50)\">\n<div class=\"wp-block-group alignfull has-base-2-background-color has-background has-global-padding is-layout-constrained wp-container-core-group-is-layout-669513ed wp-block-group-is-layout-constrained\" style=\"margin-top:0;margin-bottom:0;padding-top:var(--wp--preset--spacing--50);padding-right:var(--wp--preset--spacing--50);padding-bottom:var(--wp--preset--spacing--50);padding-left:var(--wp--preset--spacing--50)\">\n<p><\/p>\n\n\n\n<h2 class=\"wp-block-heading\">Preise:<\/h2>\n\n\n\n<p><\/p>\n\n\n\n<p><strong>Einzelunterricht:<\/strong><\/p>\n\n\n\n<p>30 min  &#8211; 25 Euro<\/p>\n\n\n\n<p>45 min &#8211; 37,50 Euro<\/p>\n\n\n\n<p>60 min &#8211; 50 Euro<\/p>\n\n\n\n<p><\/p>\n<\/div>\n\n\n\n<p><\/p>\n\n\n\n<p><\/p>\n\n\n\n<div class=\"wp-block-group alignfull has-base-2-background-color has-background has-global-padding is-layout-constrained wp-container-core-group-is-layout-669513ed wp-block-group-is-layout-constrained\" style=\"margin-top:0;margin-bottom:0;padding-top:var(--wp--preset--spacing--50);padding-right:var(--wp--preset--spacing--50);padding-bottom:var(--wp--preset--spacing--50);padding-left:var(--wp--preset--spacing--50)\">\n<p><\/p>\n\n\n\n<p><\/p>\n\n\n\n<p><\/p>\n<\/div>\n<\/div>\n\n\n\n<p><\/p>\n","protected":false},"excerpt":{"rendered":"<p>Schwimmkurse f\u00fcr Kinder &amp;Erwachsene in Siegen Wassergew\u00f6hnung Vorbereitung auf das Seepferdchen Das Seepferdchen Nach der Wassergew\u00f6hnung kommen wir nun zum ersten offiziellen Abzeichen: dem Seepferdchen \ud83d\ude42 Hier geht es vor allem um das sichere Erlernen des Brustschwimmens und eine Vertiefung der Wassergew\u00f6hnung im gro\u00dfen Schwimmbecken. Weiterf\u00fchrende Abzeichen Gerne begleite ich nach dem erfolgreichen Bestehen des [&hellip;]<\/p>\n","protected":false},"author":1,"featured_media":263,"parent":0,"menu_order":0,"comment_status":"closed","ping_status":"closed","template":"","meta":{"footnotes":""},"class_list":["post-146","page","type-page","status-publish","has-post-thumbnail","hentry"],"_links":{"self":[{"href":"https:\/\/schwimmschule-neumann.de\/index.php?rest_route=\/wp\/v2\/pages\/146","targetHints":{"allow":["GET"]}}],"collection":[{"href":"https:\/\/schwimmschule-neumann.de\/index.php?rest_route=\/wp\/v2\/pages"}],"about":[{"href":"https:\/\/schwimmschule-neumann.de\/index.php?rest_route=\/wp\/v2\/types\/page"}],"author":[{"embeddable":true,"href":"https:\/\/schwimmschule-neumann.de\/index.php?rest_route=\/wp\/v2\/users\/1"}],"replies":[{"embeddable":true,"href":"https:\/\/schwimmschule-neumann.de\/index.php?rest_route=%2Fwp%2Fv2%2Fcomments&post=146"}],"version-history":[{"count":15,"href":"https:\/\/schwimmschule-neumann.de\/index.php?rest_route=\/wp\/v2\/pages\/146\/revisions"}],"predecessor-version":[{"id":930,"href":"https:\/\/schwimmschule-neumann.de\/index.php?rest_route=\/wp\/v2\/pages\/146\/revisions\/930"}],"wp:featuredmedia":[{"embeddable":true,"href":"https:\/\/schwimmschule-neumann.de\/index.php?rest_route=\/wp\/v2\/media\/263"}],"wp:attachment":[{"href":"https:\/\/schwimmschule-neumann.de\/index.php?rest_route=%2Fwp%2Fv2%2Fmedia&parent=146"}],"curies":[{"name":"wp","href":"https:\/\/api.w.org\/{rel}","templated":true}]}}